{"id":1820,"date":"2018-07-02T11:16:56","date_gmt":"2018-07-02T15:16:56","guid":{"rendered":"http:\/\/stewartfamilychiro.com\/?page_id=1820"},"modified":"2018-08-30T16:01:53","modified_gmt":"2018-08-30T20:01:53","slug":"formato-para-pacientes","status":"publish","type":"page","link":"https:\/\/stewartfamilychiro.com\/index.php\/patient-forms\/formato-para-pacientes\/","title":{"rendered":"Formato Para Pacientes"},"content":{"rendered":"<p><a href=\"http:\/\/www.stewartfamilychiro.com\/pdfforms\/Spanish Preliminary Form Adults.pdf\">Informaci\u00f3n preliminar para nuevo paciente &#8211; ADULTO<\/a><\/p>\n<p><a href=\"http:\/\/www.stewartfamilychiro.com\/pdfforms\/Spanish Preliminary Form Children.pdf\">Informaci\u00f3n preliminar para nuevo paciente &#8211; NI\u00d1OS (Menores de 18)<\/a><\/p>\n","protected":false},"excerpt":{"rendered":"<p>Informaci\u00f3n preliminar para nuevo paciente &#8211; ADULTO Informaci\u00f3n preliminar para nuevo paciente &#8211; NI\u00d1OS (Menores de 18)<\/p>\n","protected":false},"author":1,"featured_media":0,"parent":42,"menu_order":0,"comment_status":"closed","ping_status":"closed","template":"","meta":{"footnotes":""},"class_list":["post-1820","page","type-page","status-publish","hentry"],"_links":{"self":[{"href":"https:\/\/stewartfamilychiro.com\/index.php\/wp-json\/wp\/v2\/pages\/1820"}],"collection":[{"href":"https:\/\/stewartfamilychiro.com\/index.php\/wp-json\/wp\/v2\/pages"}],"about":[{"href":"https:\/\/stewartfamilychiro.com\/index.php\/wp-json\/wp\/v2\/types\/page"}],"author":[{"embeddable":true,"href":"https:\/\/stewartfamilychiro.com\/index.php\/wp-json\/wp\/v2\/users\/1"}],"replies":[{"embeddable":true,"href":"https:\/\/stewartfamilychiro.com\/index.php\/wp-json\/wp\/v2\/comments?post=1820"}],"version-history":[{"count":5,"href":"https:\/\/stewartfamilychiro.com\/index.php\/wp-json\/wp\/v2\/pages\/1820\/revisions"}],"predecessor-version":[{"id":1865,"href":"https:\/\/stewartfamilychiro.com\/index.php\/wp-json\/wp\/v2\/pages\/1820\/revisions\/1865"}],"up":[{"embeddable":true,"href":"https:\/\/stewartfamilychiro.com\/index.php\/wp-json\/wp\/v2\/pages\/42"}],"wp:attachment":[{"href":"https:\/\/stewartfamilychiro.com\/index.php\/wp-json\/wp\/v2\/media?parent=1820"}],"curies":[{"name":"wp","href":"https:\/\/api.w.org\/{rel}","templated":true}]}}